{"id":1324,"date":"2017-04-14T06:44:24","date_gmt":"2017-04-14T06:44:24","guid":{"rendered":"http:\/\/demoapus-wp.com\/huza\/?page_id=16"},"modified":"2021-02-26T14:44:02","modified_gmt":"2021-02-26T14:44:02","slug":"home-1","status":"publish","type":"page","link":"https:\/\/www.goticasdecristal.com\/","title":{"rendered":"Home 1"},"content":{"rendered":"<p>[vc_row css_animation=&#8221;none&#8221;][vc_column][rev_slider_vc alias=&#8221;slider_1&#8243;][\/vc_column][\/vc_row][vc_row][vc_column][vc_empty_space height=&#8221;70px&#8221;][\/vc_column][\/vc_row][vc_row][vc_column css_animation=&#8221;none&#8221; width=&#8221;1\/4&#8243; delay=&#8221;0.2&#8243;][apus_features_box items=&#8221;%5B%7B%22image%22%3A%221356%22%2C%22image_hover%22%3A%221357%22%2C%22title%22%3A%22Refuerzo%20Escolar%20%3Cbr%3E%20%22%7D%5D&#8221;][\/vc_column][vc_column css_animation=&#8221;none&#8221; width=&#8221;1\/4&#8243; delay=&#8221;0.4&#8243;][apus_features_box items=&#8221;%5B%7B%22image%22%3A%221358%22%2C%22image_hover%22%3A%221359%22%2C%22title%22%3A%22Salidas%20Recreativas%22%7D%5D&#8221;][\/vc_column][vc_column css_animation=&#8221;none&#8221; width=&#8221;1\/4&#8243; delay=&#8221;0.6&#8243;][apus_features_box items=&#8221;%5B%7B%22image%22%3A%221361%22%2C%22image_hover%22%3A%22742%22%2C%22title%22%3A%22Donaci%C3%B3n%20de%20Alimentos%22%7D%5D&#8221;][\/vc_column][vc_column css_animation=&#8221;none&#8221; width=&#8221;1\/4&#8243; delay=&#8221;0.8&#8243;][apus_features_box items=&#8221;%5B%7B%22image%22%3A%221360%22%2C%22image_hover%22%3A%22750%22%2C%22title%22%3A%22Adulto%20Mayor%22%7D%5D&#8221;][\/vc_column][\/vc_row][vc_row][vc_column][vc_empty_space height=&#8221;60px&#8221;][\/vc_column][\/vc_row][vc_row full_width=&#8221;stretch_row&#8221; parallax=&#8221;content-moving&#8221; parallax_image=&#8221;753&#8243; css_animation=&#8221;none&#8221;][vc_column][vc_empty_space height=&#8221;65px&#8221;][apus_call_action title=&#8221;Somos una entidad sin animo de lucro ,&#8221; descript=&#8221;con el objetivo social de cuidar y proteger los ni\u00f1os y familias que se encuentran en riesgo de vulnerabilidad en nuestra localidad&#8221; buttons1=&#8221;btn-theme&#8221; subtitle=&#8221;&#8221;][vc_empty_space height=&#8221;65px&#8221;][\/vc_column][\/vc_row][vc_row css_animation=&#8221;none&#8221;][vc_column offset=&#8221;vc_hidden-lg vc_hidden-md vc_hidden-sm vc_hidden-xs&#8221;][vc_empty_space height=&#8221;45px&#8221; el_class=&#8221;hidden-sm hidden-xs&#8221;][vc_empty_space height=&#8221;45px&#8221;][vc_column_text]<\/p>\n<div class=\"widget-bring\">\n<div class=\"left-content\">You can bring real hope by $<\/div>\n<div class=\"right-conetnt\">Your donation powers the Red Cross response to nearly 64,000 disasters a year nationwide, providing shelter, food, emotional support and other necessities to those affected<\/div>\n<\/div>\n<p>[\/vc_column_text][vc_empty_space height=&#8221;45px&#8221;][vc_empty_space height=&#8221;45px&#8221; el_class=&#8221;hidden-sm hidden-xs&#8221;][\/vc_column][\/vc_row][vc_row full_width=&#8221;stretch_row_content_no_spaces&#8221;][vc_column css_animation=&#8221;none&#8221; width=&#8221;1\/2&#8243; offset=&#8221;vc_hidden-lg vc_hidden-md vc_hidden-sm vc_hidden-xs&#8221;][apus_banner_donation bg_color=&#8221;#fd580b&#8221; title=&#8221;Help our School Children&#8221; description=&#8221;Be inspired! Take a look at the impact of our programmes which we&#8217;ve<br \/>\nachievedthrough your support and donations&#8221; price=&#8221;$ 1200 To Go&#8221; link=&#8221;#&#8221; buttons=&#8221;btn-dark&#8221; buttons1=&#8221;&#8221;][\/vc_column][vc_column css_animation=&#8221;none&#8221; width=&#8221;1\/2&#8243; offset=&#8221;vc_hidden-lg vc_hidden-md vc_hidden-sm vc_hidden-xs&#8221;][apus_banner_donation bg_color=&#8221;#32251c&#8221; title=&#8221;EAST AFRICACRISIS APPEAL&#8221; description=&#8221;Be inspired! Take a look at the impact of our programmes which we&#8217;ve<br \/>\nachievedthrough your support and donations&#8221; price=&#8221;$ 1400 To Go&#8221; link=&#8221;#&#8221; buttons=&#8221;btn-theme&#8221; buttons1=&#8221;&#8221;][\/vc_column][\/vc_row][vc_row css_animation=&#8221;none&#8221;][vc_column css_animation=&#8221;none&#8221; offset=&#8221;vc_hidden-lg vc_hidden-md vc_hidden-sm vc_hidden-xs&#8221;][vc_empty_space height=&#8221;60px&#8221; el_class=&#8221;hidden-sm hidden-xs&#8221;][vc_empty_space height=&#8221;60px&#8221;][apus_title_heading descript=&#8221;We need you&#8221; title=&#8221;Recent Causes&#8221;][vc_empty_space height=&#8221;40px&#8221;][apus_donations columns=&#8221;3&#8243; show_load_btn=&#8221;yes&#8221; grid_style=&#8221;&#8221; number=&#8221;3&#8243;][vc_empty_space height=&#8221;15px&#8221;][\/vc_column][\/vc_row][vc_row full_width=&#8221;stretch_row_content&#8221; parallax=&#8221;content-moving&#8221; parallax_image=&#8221;1075&#8243; parallax_speed_bg=&#8221;3&#8243; css_animation=&#8221;none&#8221;][vc_column css_animation=&#8221;none&#8221; css=&#8221;.vc_custom_1614272547410{background-image: url(https:\/\/www.goticasdecristal.com\/wp-content\/uploads\/2021\/02\/Rectangle-9-1.png?id=1368) !important;}&#8221;][vc_empty_space height=&#8221;95px&#8221; el_class=&#8221;hidden-sm hidden-xs&#8221;][vc_empty_space height=&#8221;95px&#8221;][apus_title_heading title=&#8221;QUIERO SER VOLUNTARIO&#8221;][vc_row_inner css=&#8221;.vc_custom_1614273702554{margin-right: 200px !important;margin-left: 200px !important;}&#8221;][vc_column_inner]<div role=\"form\" class=\"wpcf7\" id=\"wpcf7-f496-o1\" lang=\"en-US\" dir=\"ltr\">\n<div class=\"screen-reader-response\"><p role=\"status\" aria-live=\"polite\" aria-atomic=\"true\"><\/p> <ul><\/ul><\/div>\n<form action=\"\/index.php?rest_route=%2Fwp%2Fv2%2Fpages%2F1324#wpcf7-f496-o1\" method=\"post\" class=\"wpcf7-form init\" novalidate=\"novalidate\" data-status=\"init\">\n<div style=\"display: none;\">\n<input type=\"hidden\" name=\"_wpcf7\" value=\"496\" \/>\n<input type=\"hidden\" name=\"_wpcf7_version\" value=\"5.3.2\" \/>\n<input type=\"hidden\" name=\"_wpcf7_locale\" value=\"en_US\" \/>\n<input type=\"hidden\" name=\"_wpcf7_unit_tag\" value=\"wpcf7-f496-o1\" \/>\n<input type=\"hidden\" name=\"_wpcf7_container_post\" value=\"0\" \/>\n<input type=\"hidden\" name=\"_wpcf7_posted_data_hash\" value=\"\" \/>\n<\/div>\n<div class=\"contact\">\n<div class=\"row\">\n<div class=\"col-md-4 col-xs-12 \">\n                    <span class=\"wpcf7-form-control-wrap your-name\"><input type=\"text\" name=\"your-name\" value=\"\" size=\"40\" class=\"wpcf7-form-control wpcf7-text form-control\" aria-invalid=\"false\" placeholder=\"Su Nombre*\" \/><\/span>\n\t\t<\/div>\n<div class=\"col-md-4 col-xs-12\">\n\t\t\t<span class=\"wpcf7-form-control-wrap email\"><input type=\"email\" name=\"email\" value=\"\" size=\"40\" class=\"wpcf7-form-control wpcf7-text wpcf7-email wpcf7-validates-as-required wpcf7-validates-as-email form-control\" aria-required=\"true\" aria-invalid=\"false\" placeholder=\"Email *\" \/><\/span>\n\t\t<\/div>\n<div class=\"col-md-4 col-xs-12\">\n<span class=\"wpcf7-form-control-wrap subject\"><input type=\"text\" name=\"subject\" value=\"\" size=\"40\" class=\"wpcf7-form-control wpcf7-text form-control\" aria-invalid=\"false\" placeholder=\"Tel\u00e9fono\" \/><\/span>\n                <\/div><\/div>\n<p>       <span class=\"wpcf7-form-control-wrap message\"><textarea name=\"message\" cols=\"40\" rows=\"10\" class=\"wpcf7-form-control wpcf7-textarea form-control\" aria-invalid=\"false\" placeholder=\"D\u00e9janos conocer mas acerca de tu proyecto . . .\"><\/textarea><\/span><br \/>\n<input type=\"submit\" value=\"Enviar Mensaje\" class=\"wpcf7-form-control wpcf7-submit btn btn-theme\" \/>\n<\/p><\/div>\n<div class=\"wpcf7-response-output\" aria-hidden=\"true\"><\/div><\/form><\/div>[\/vc_column_inner][\/vc_row_inner][vc_empty_space height=&#8221;95px&#8221; el_class=&#8221;hidden-sm hidden-xs&#8221;][\/vc_column][\/vc_row][vc_row css_animation=&#8221;none&#8221;][vc_column css_animation=&#8221;none&#8221;][vc_empty_space height=&#8221;20px&#8221;][\/vc_column][\/vc_row][vc_row][vc_column css_animation=&#8221;none&#8221; width=&#8221;1\/2&#8243;][vc_column_text]<\/p>\n<div class=\"forward\">\n<h3 class=\"title\">Somos una familia peque\u00f1a<\/h3>\n<div class=\"des\">\u00a0que cree en el poder de la voluntad, y sabemos que las acciones son las que generan cambios,<\/div>\n<\/div>\n<p>[\/vc_column_text][\/vc_column][vc_column css_animation=&#8221;none&#8221; width=&#8221;1\/2&#8243;][vc_column_text]<\/p>\n<div class=\"forward\">\n<h3 class=\"title\">Queremos marcar una diferencia<\/h3>\n<div class=\"des\">en los sectores m\u00e1s vulnerables de Bogot\u00e1 y crecer para poder ayudar a muchas m\u00e1s familias que necesitan una mano solidaria que les inspire y apoye a salir adelante<\/div>\n<\/div>\n<p>[\/vc_column_text][\/vc_column][\/vc_row][vc_row full_width=&#8221;stretch_row_content_no_spaces&#8221; parallax=&#8221;content-moving&#8221; parallax_image=&#8221;780&#8243; parallax_speed_bg=&#8221;3&#8243; css_animation=&#8221;none&#8221;][vc_column css_animation=&#8221;none&#8221; css=&#8221;.vc_custom_1516869207488{background-image: url(https:\/\/www.goticasdecristal.com\/wp-content\/uploads\/2017\/04\/Rectangle-13-copy1.png?id=785) !important;}&#8221;][vc_empty_space height=&#8221;95px&#8221;][vc_empty_space height=&#8221;110px&#8221; el_class=&#8221;hidden-sm hidden-xs&#8221;][apus_testimonials image=&#8221;779&#8243; columns=&#8221;1&#8243; style=&#8221;lighten&#8221;][\/vc_column][\/vc_row][vc_row full_width=&#8221;stretch_row&#8221; css_animation=&#8221;none&#8221; css=&#8221;.vc_custom_1614350638964{background-color: #0499db !important;}&#8221;][vc_column css_animation=&#8221;none&#8221;][apus_newsletter title=&#8221;\u00bfQuieres apadrinar un miembro de nuestra fundaci\u00f3n?&#8221; description=&#8221;Escribe tu correo y pronto recibir\u00e1s informaci\u00f3n &#8220;][vc_empty_space height=&#8221;30px&#8221;][vc_empty_space height=&#8221;30px&#8221; el_class=&#8221;hidden-sm hidden-xs&#8221;][\/vc_column][\/vc_row]<\/p>\n","protected":false},"excerpt":{"rendered":"<p>[vc_row css_animation=&#8221;none&#8221;][vc_column][rev_slider_vc alias=&#8221;slider_1&#8243;][\/vc_column][\/vc_row][vc_row][vc_column][vc_empty_space height=&#8221;70px&#8221;][\/vc_column][\/vc_row][vc_row][vc_column css_animation=&#8221;none&#8221; width=&#8221;1\/4&#8243; delay=&#8221;0.2&#8243;][apus_features_box items=&#8221;%5B%7B%22image%22%3A%221356%22%2C%22image_hover%22%3A%221357%22%2C%22title%22%3A%22Refuerzo%20Escolar%20%3Cbr%3E%20%22%7D%5D&#8221;][\/vc_column][vc_column css_animation=&#8221;none&#8221; width=&#8221;1\/4&#8243; delay=&#8221;0.4&#8243;][apus_features_box items=&#8221;%5B%7B%22image%22%3A%221358%22%2C%22image_hover%22%3A%221359%22%2C%22title%22%3A%22Salidas%20Recreativas%22%7D%5D&#8221;][\/vc_column][vc_column css_animation=&#8221;none&#8221; width=&#8221;1\/4&#8243; delay=&#8221;0.6&#8243;][apus_features_box items=&#8221;%5B%7B%22image%22%3A%221361%22%2C%22image_hover%22%3A%22742%22%2C%22title%22%3A%22Donaci%C3%B3n%20de%20Alimentos%22%7D%5D&#8221;][\/vc_column][vc_column css_animation=&#8221;none&#8221; width=&#8221;1\/4&#8243; delay=&#8221;0.8&#8243;][apus_features_box items=&#8221;%5B%7B%22image%22%3A%221360%22%2C%22image_hover%22%3A%22750%22%2C%22title%22%3A%22Adulto%20Mayor%22%7D%5D&#8221;][\/vc_column][\/vc_row][vc_row][vc_column][vc_empty_space height=&#8221;60px&#8221;][\/vc_column][\/vc_row][vc_row full_width=&#8221;stretch_row&#8221; parallax=&#8221;content-moving&#8221; parallax_image=&#8221;753&#8243; css_animation=&#8221;none&#8221;][vc_column][vc_empty_space height=&#8221;65px&#8221;][apus_call_action title=&#8221;Somos una entidad sin &hellip; <br \/><a href=\"https:\/\/www.goticasdecristal.com\/\" class=\"more-link\">Continue reading <span class=\"screen-reader-text\">Home 1<\/span><\/a><\/p>\n","protected":false},"author":1,"featured_media":0,"parent":0,"menu_order":0,"comment_status":"closed","ping_status":"closed","template":"","meta":[],"_links":{"self":[{"href":"https:\/\/www.goticasdecristal.com\/index.php?rest_route=\/wp\/v2\/pages\/1324"}],"collection":[{"href":"https:\/\/www.goticasdecristal.com\/index.php?rest_route=\/wp\/v2\/pages"}],"about":[{"href":"https:\/\/www.goticasdecristal.com\/index.php?rest_route=\/wp\/v2\/types\/page"}],"author":[{"embeddable":true,"href":"https:\/\/www.goticasdecristal.com\/index.php?rest_route=\/wp\/v2\/users\/1"}],"replies":[{"embeddable":true,"href":"https:\/\/www.goticasdecristal.com\/index.php?rest_route=%2Fwp%2Fv2%2Fcomments&post=1324"}],"version-history":[{"count":12,"href":"https:\/\/www.goticasdecristal.com\/index.php?rest_route=\/wp\/v2\/pages\/1324\/revisions"}],"predecessor-version":[{"id":1375,"href":"https:\/\/www.goticasdecristal.com\/index.php?rest_route=\/wp\/v2\/pages\/1324\/revisions\/1375"}],"wp:attachment":[{"href":"https:\/\/www.goticasdecristal.com\/index.php?rest_route=%2Fwp%2Fv2%2Fmedia&parent=1324"}],"curies":[{"name":"wp","href":"https:\/\/api.w.org\/{rel}","templated":true}]}}